{"id":2712,"date":"2018-04-30T13:35:30","date_gmt":"2018-04-30T11:35:30","guid":{"rendered":"https:\/\/www.hornbaekhus.com\/hornbaek\/"},"modified":"2020-07-15T08:38:56","modified_gmt":"2020-07-15T06:38:56","slug":"hornbaek","status":"publish","type":"page","link":"https:\/\/www.hornbaekhus.com\/en\/hornbaekhus\/hornbaek\/","title":{"rendered":"Hornb\u00e6k"},"content":{"rendered":"\n<style type=\"text\/css\" data-created_by=\"avia_inline_auto\" id=\"style-css-av-3404ew-57d83217626033624710b9fca8e928e9\">\n.flex_column.av-3404ew-57d83217626033624710b9fca8e928e9{\nborder-radius:0px 0px 0px 0px;\npadding:0px 0px 0px 0px;\n}\n<\/style>\n<div  class='flex_column av-3404ew-57d83217626033624710b9fca8e928e9 av_one_full  avia-builder-el-0  el_before_av_one_full  avia-builder-el-first  first flex_column_div av-zero-column-padding  '     ><section  class='av_textblock_section av-kclwawnh-2ca161edea56f7c221107cf31cbd9f93 '   itemscope=\"itemscope\" itemtype=\"https:\/\/schema.org\/CreativeWork\" ><div class='avia_textblock'  itemprop=\"text\" ><h3>About Hornb\u00e6k<\/h3>\n<p>Hornb\u00e6khus is located in the centre of Hornb\u00e6k an old fishing village in North Zealand.<br \/>\nThe area surrounding Hornb\u00e6khus offers nature experiences all year round and it takes just 40 minutes to drive from Copenhagen and 13 km from Helsing\u00f8r.<br \/>\nHornb\u00e6k has approximately 5.000 residents and is \u00a0one of few celebrated sommer destinations in Denmark.<\/p>\n<p>Scroll down the page to read more about the different activities the city offers in summer.<\/p>\n<\/div><\/section><\/div>\n<style type=\"text\/css\" data-created_by=\"avia_inline_auto\" id=\"style-css-av-4phir-4006a5893089e7a223fda281ff4b8180\">\n.flex_column.av-4phir-4006a5893089e7a223fda281ff4b8180{\nborder-radius:0px 0px 0px 0px;\npadding:0px 0px 0px 0px;\n}\n<\/style>\n<div  class='flex_column av-4phir-4006a5893089e7a223fda281ff4b8180 av_one_full  avia-builder-el-2  el_after_av_one_full  el_before_av_one_half  first flex_column_div av-zero-column-padding  column-top-margin'     ><style type=\"text\/css\" data-created_by=\"avia_inline_auto\" id=\"style-css-av-3yvvr-54edd47148922a231f50d90975df7b93\">\n.avia-image-container.av-3yvvr-54edd47148922a231f50d90975df7b93 img.avia_image{\nbox-shadow:none;\n}\n.avia-image-container.av-3yvvr-54edd47148922a231f50d90975df7b93 .av-image-caption-overlay-center{\ncolor:#ffffff;\n}\n<\/style>\n<div  class='avia-image-container av-3yvvr-54edd47148922a231f50d90975df7b93 av-styling- avia-align-center  avia-builder-el-3  avia-builder-el-no-sibling '   itemprop=\"image\" itemscope=\"itemscope\" itemtype=\"https:\/\/schema.org\/ImageObject\" ><div class=\"avia-image-container-inner\"><div class=\"avia-image-overlay-wrap\"><img decoding=\"async\" fetchpriority=\"high\" class='wp-image-3699 avia-img-lazy-loading-not-3699 avia_image ' src=\"https:\/\/www.hornbaekhus.com\/wp-content\/uploads\/2018\/08\/Hornbaek-2.jpg\" alt='' title='Hornb\u00e6khavn'  height=\"754\" width=\"1130\"  itemprop=\"thumbnailUrl\" srcset=\"https:\/\/www.hornbaekhus.com\/wp-content\/uploads\/2018\/08\/Hornbaek-2.jpg 1130w, https:\/\/www.hornbaekhus.com\/wp-content\/uploads\/2018\/08\/Hornbaek-2-300x200.jpg 300w, https:\/\/www.hornbaekhus.com\/wp-content\/uploads\/2018\/08\/Hornbaek-2-768x512.jpg 768w, https:\/\/www.hornbaekhus.com\/wp-content\/uploads\/2018\/08\/Hornbaek-2-1030x687.jpg 1030w, https:\/\/www.hornbaekhus.com\/wp-content\/uploads\/2018\/08\/Hornbaek-2-705x470.jpg 705w, https:\/\/www.hornbaekhus.com\/wp-content\/uploads\/2018\/08\/Hornbaek-2-450x300.jpg 450w\" sizes=\"(max-width: 1130px) 100vw, 1130px\" \/><\/div><\/div><\/div><\/div>\n\n<style type=\"text\/css\" data-created_by=\"avia_inline_auto\" id=\"style-css-av-36prf-e9e61ef4ec4c0e79d4a337ba2f62e01e\">\n.flex_column.av-36prf-e9e61ef4ec4c0e79d4a337ba2f62e01e{\nborder-radius:0px 0px 0px 0px;\npadding:0px 0px 0px 0px;\n}\n<\/style>\n<div  class='flex_column av-36prf-e9e61ef4ec4c0e79d4a337ba2f62e01e av_one_half  avia-builder-el-4  el_after_av_one_full  el_before_av_one_half  first flex_column_div av-zero-column-padding  column-top-margin'     ><p>\n<style type=\"text\/css\" data-created_by=\"avia_inline_auto\" id=\"style-css-av-jhkrgz74-2a0e4877b2769679714eceb98aa0efb8\">\n.avia-image-container.av-jhkrgz74-2a0e4877b2769679714eceb98aa0efb8 img.avia_image{\nbox-shadow:none;\n}\n.avia-image-container.av-jhkrgz74-2a0e4877b2769679714eceb98aa0efb8 .av-image-caption-overlay-center{\ncolor:#ffffff;\n}\n<\/style>\n<div  class='avia-image-container av-jhkrgz74-2a0e4877b2769679714eceb98aa0efb8 av-styling- avia-align-center  avia-builder-el-5  el_before_av_textblock  avia-builder-el-first '   itemprop=\"image\" itemscope=\"itemscope\" itemtype=\"https:\/\/schema.org\/ImageObject\" ><div class=\"avia-image-container-inner\"><div class=\"avia-image-overlay-wrap\"><img decoding=\"async\" fetchpriority=\"high\" class='wp-image-3700 avia-img-lazy-loading-not-3700 avia_image ' src=\"https:\/\/www.hornbaekhus.com\/wp-content\/uploads\/2018\/08\/PANA8252.jpg\" alt='' title='PANA8252'  height=\"848\" width=\"1130\"  itemprop=\"thumbnailUrl\" srcset=\"https:\/\/www.hornbaekhus.com\/wp-content\/uploads\/2018\/08\/PANA8252.jpg 1130w, https:\/\/www.hornbaekhus.com\/wp-content\/uploads\/2018\/08\/PANA8252-300x225.jpg 300w, https:\/\/www.hornbaekhus.com\/wp-content\/uploads\/2018\/08\/PANA8252-768x576.jpg 768w, https:\/\/www.hornbaekhus.com\/wp-content\/uploads\/2018\/08\/PANA8252-1030x773.jpg 1030w, https:\/\/www.hornbaekhus.com\/wp-content\/uploads\/2018\/08\/PANA8252-705x529.jpg 705w, https:\/\/www.hornbaekhus.com\/wp-content\/uploads\/2018\/08\/PANA8252-450x338.jpg 450w\" sizes=\"(max-width: 1130px) 100vw, 1130px\" \/><\/div><\/div><\/div><br \/>\n<section  class='av_textblock_section av-2gxlj-8966acb87fe93e521d85669d8a33a13a '   itemscope=\"itemscope\" itemtype=\"https:\/\/schema.org\/CreativeWork\" ><div class='avia_textblock'  itemprop=\"text\" ><p>If you borrow one of our bikes you can take a trip to Hornb\u00e6k Plantage that is a forest area along the coastline with hiking routes and wildlife. \u00a0A protected heathland with heather-covered hills overlooking Kattegat and the Rudolph Tegner Museum and Statue Park.<\/p>\n<p>You can also chose to visit Helsing\u00f8r that is the closest large city in the area. From Helsing\u00f8r you have the possibility to visit Helsingborg in Sweden, that is only 20 minutes \u00a0with ferry from Helsing\u00f8r.<\/p>\n<\/div><\/section><\/p><\/div>\n\n<style type=\"text\/css\" data-created_by=\"avia_inline_auto\" id=\"style-css-av-1gnvz-57f5f424ed1cf218cf814c90be181dcf\">\n.flex_column.av-1gnvz-57f5f424ed1cf218cf814c90be181dcf{\nborder-radius:0px 0px 0px 0px;\npadding:0px 0px 0px 0px;\n}\n<\/style>\n<div  class='flex_column av-1gnvz-57f5f424ed1cf218cf814c90be181dcf av_one_half  avia-builder-el-7  el_after_av_one_half  el_before_av_textblock  flex_column_div av-zero-column-padding  column-top-margin'     ><p>\n<style type=\"text\/css\" data-created_by=\"avia_inline_auto\" id=\"style-css-av-jhkrgz74-b3b9414f194af22a1fa8750a6cda0e5c\">\n.avia-image-container.av-jhkrgz74-b3b9414f194af22a1fa8750a6cda0e5c img.avia_image{\nbox-shadow:none;\n}\n.avia-image-container.av-jhkrgz74-b3b9414f194af22a1fa8750a6cda0e5c .av-image-caption-overlay-center{\ncolor:#ffffff;\n}\n<\/style>\n<div  class='avia-image-container av-jhkrgz74-b3b9414f194af22a1fa8750a6cda0e5c av-styling- avia-align-center  avia-builder-el-8  el_before_av_textblock  avia-builder-el-first '   itemprop=\"image\" itemscope=\"itemscope\" itemtype=\"https:\/\/schema.org\/ImageObject\" ><div class=\"avia-image-container-inner\"><div class=\"avia-image-overlay-wrap\"><img decoding=\"async\" fetchpriority=\"high\" class='wp-image-3756 avia-img-lazy-loading-not-3756 avia_image ' src=\"https:\/\/www.hornbaekhus.com\/wp-content\/uploads\/2018\/08\/image.png\" alt='' title='image'  height=\"1000\" width=\"1333\"  itemprop=\"thumbnailUrl\" srcset=\"https:\/\/www.hornbaekhus.com\/wp-content\/uploads\/2018\/08\/image.png 1333w, https:\/\/www.hornbaekhus.com\/wp-content\/uploads\/2018\/08\/image-300x225.png 300w, https:\/\/www.hornbaekhus.com\/wp-content\/uploads\/2018\/08\/image-768x576.png 768w, https:\/\/www.hornbaekhus.com\/wp-content\/uploads\/2018\/08\/image-1030x773.png 1030w, https:\/\/www.hornbaekhus.com\/wp-content\/uploads\/2018\/08\/image-705x529.png 705w, https:\/\/www.hornbaekhus.com\/wp-content\/uploads\/2018\/08\/image-450x338.png 450w\" sizes=\"(max-width: 1333px) 100vw, 1333px\" \/><\/div><\/div><\/div><br \/>\n<section  class='av_textblock_section av-2gxlj-f96f36a43f2ec06d68af2c5ffa7e7007 '   itemscope=\"itemscope\" itemtype=\"https:\/\/schema.org\/CreativeWork\" ><div class='avia_textblock'  itemprop=\"text\" ><h3>Museums close by<\/h3>\n<p><a href=\"https:\/\/www.louisiana.dk\/\" target=\"_blank\" rel=\"noopener noreferrer\">Louisiana Museum of Modern Art Humleb\u00e6k<\/a><\/p>\n<p><a href=\"http:\/\/kongeligeslotte.dk\/da\/slotte-og-haver\/kronborg-slot.html\" target=\"_blank\" rel=\"noopener noreferrer\">Kronborg slot i Helsing\u00f8r<\/a><\/p>\n<p><a href=\"http:\/\/www.rudolphtegner.dk\/\" target=\"_blank\" rel=\"noopener noreferrer\">Rudolph Tegners Museum og statuepark i Dronningm\u00f8lle<\/a><\/p>\n<p><a href=\"https:\/\/blixen.dk\/\" target=\"_blank\" rel=\"noopener noreferrer\">Karen Blixen Museet i Rungsted<\/a><\/p>\n<p><a href=\"https:\/\/blixen.dk\/\" target=\"_blank\" rel=\"noopener noreferrer\">Munkeruphus i Dronningm\u00f8lle<\/a><\/p>\n<p><a href=\"http:\/\/www.nivaagaard.dk\/\" target=\"_blank\" rel=\"noopener noreferrer\">Nivaagaards samling i Niv\u00e5<\/a><\/p>\n<\/div><\/section><\/p><\/div>\n<section  class='av_textblock_section av-2gxlj-8966acb87fe93e521d85669d8a33a13a '   itemscope=\"itemscope\" itemtype=\"https:\/\/schema.org\/CreativeWork\" ><div class='avia_textblock'  itemprop=\"text\" ><h3>Beach and Harbour<\/h3>\n<p>Hornb\u00e6k is famous for its sandy beaches. In fact, it is possible to walk all the way to\u00a0Dronningm\u00f8lle following the coastline called Nordkyststien.<\/p>\n<p>On the outskirts of Hornb\u00e6k you will find Hornb\u00e6k Plantage. The forest was planted in\u00a01793 and is full of ancient trees, relics of the past, martens, foxes and deer.<\/p>\n<p>A few kilometres up the coastline the wild heathland landscape\u00a0of &#8216;Rusland&#8217; appears with elevated\u00a0heather-covered hills and a view of Kattegat. This is also the location of the Rudolph\u00a0Tegner Museum and Statue Park.<\/p>\n<p>Enjoy the ocean, the sand and the woods. Blue skies and fields filled with cattle and corn &#8211; \u00a0The peaceful everyday life.<\/p>\n<\/div><\/section>\n\n<style type=\"text\/css\" data-created_by=\"avia_inline_auto\" id=\"style-css-av-jhkrgz74-479a3aa3ca2c7c1e9a52210c76807adf\">\n.avia-image-container.av-jhkrgz74-479a3aa3ca2c7c1e9a52210c76807adf img.avia_image{\nbox-shadow:none;\n}\n.avia-image-container.av-jhkrgz74-479a3aa3ca2c7c1e9a52210c76807adf .av-image-caption-overlay-center{\ncolor:#ffffff;\n}\n<\/style>\n<div  class='avia-image-container av-jhkrgz74-479a3aa3ca2c7c1e9a52210c76807adf av-styling- avia-align-center  avia-builder-el-11  el_after_av_textblock  avia-builder-el-last '   itemprop=\"image\" itemscope=\"itemscope\" itemtype=\"https:\/\/schema.org\/ImageObject\" ><div class=\"avia-image-container-inner\"><div class=\"avia-image-overlay-wrap\"><img decoding=\"async\" fetchpriority=\"high\" class='wp-image-3698 avia-img-lazy-loading-not-3698 avia_image ' src=\"https:\/\/www.hornbaekhus.com\/wp-content\/uploads\/2018\/08\/Hornbaek-1.jpg\" alt='' title='Hornb\u00e6kstrand'  height=\"754\" width=\"1130\"  itemprop=\"thumbnailUrl\" srcset=\"https:\/\/www.hornbaekhus.com\/wp-content\/uploads\/2018\/08\/Hornbaek-1.jpg 1130w, https:\/\/www.hornbaekhus.com\/wp-content\/uploads\/2018\/08\/Hornbaek-1-300x200.jpg 300w, https:\/\/www.hornbaekhus.com\/wp-content\/uploads\/2018\/08\/Hornbaek-1-768x512.jpg 768w, https:\/\/www.hornbaekhus.com\/wp-content\/uploads\/2018\/08\/Hornbaek-1-1030x687.jpg 1030w, https:\/\/www.hornbaekhus.com\/wp-content\/uploads\/2018\/08\/Hornbaek-1-705x470.jpg 705w, https:\/\/www.hornbaekhus.com\/wp-content\/uploads\/2018\/08\/Hornbaek-1-450x300.jpg 450w\" sizes=\"(max-width: 1130px) 100vw, 1130px\" \/><\/div><\/div><\/div>\n","protected":false},"excerpt":{"rendered":"","protected":false},"author":1,"featured_media":0,"parent":4334,"menu_order":0,"comment_status":"closed","ping_status":"closed","template":"","meta":{"_acf_changed":false,"footnotes":""},"class_list":["post-2712","page","type-page","status-publish","hentry"],"acf":[],"yoast_head":"<!-- This site is optimized with the Yoast SEO plugin v27.6 - https:\/\/yoast.com\/product\/yoast-seo-wordpress\/ -->\n<title>Hornb\u00e6k - Hornb\u00e6khus<\/title>\n<meta name=\"description\" content=\"Hotel Hornb\u00e6khus \u00a0is located in the centre of Hornb\u00e6k - an old fishing village in the Northern part of Sj\u00e6lland \u2013 near ocean and woods.\" \/>\n<meta name=\"robots\" content=\"index, follow, max-snippet:-1, max-image-preview:large, max-video-preview:-1\" \/>\n<link rel=\"canonical\" href=\"https:\/\/www.hornbaekhus.com\/en\/hornbaekhus\/hornbaek\/\" \/>\n<meta property=\"og:locale\" content=\"en_US\" \/>\n<meta property=\"og:type\" content=\"article\" \/>\n<meta property=\"og:title\" content=\"Hornb\u00e6k - Hornb\u00e6khus\" \/>\n<meta property=\"og:description\" content=\"Hotel Hornb\u00e6khus \u00a0is located in the centre of Hornb\u00e6k - an old fishing village in the Northern part of Sj\u00e6lland \u2013 near ocean and woods.\" \/>\n<meta property=\"og:url\" content=\"https:\/\/www.hornbaekhus.com\/en\/hornbaekhus\/hornbaek\/\" \/>\n<meta property=\"og:site_name\" content=\"Hornb\u00e6khus\" \/>\n<meta property=\"article:publisher\" content=\"https:\/\/www.facebook.com\/HotelHornbaekhus\/\" \/>\n<meta property=\"article:modified_time\" content=\"2020-07-15T06:38:56+00:00\" \/>\n<meta name=\"twitter:card\" content=\"summary_large_image\" \/>\n<meta name=\"twitter:label1\" content=\"Est. reading time\" \/>\n\t<meta name=\"twitter:data1\" content=\"5 minutes\" \/>\n<script type=\"application\/ld+json\" class=\"yoast-schema-graph\">{\"@context\":\"https:\\\/\\\/schema.org\",\"@graph\":[{\"@type\":\"WebPage\",\"@id\":\"https:\\\/\\\/www.hornbaekhus.com\\\/en\\\/hornbaekhus\\\/hornbaek\\\/\",\"url\":\"https:\\\/\\\/www.hornbaekhus.com\\\/en\\\/hornbaekhus\\\/hornbaek\\\/\",\"name\":\"Hornb\u00e6k - Hornb\u00e6khus\",\"isPartOf\":{\"@id\":\"https:\\\/\\\/www.hornbaekhus.com\\\/#website\"},\"datePublished\":\"2018-04-30T11:35:30+00:00\",\"dateModified\":\"2020-07-15T06:38:56+00:00\",\"description\":\"Hotel Hornb\u00e6khus \u00a0is located in the centre of Hornb\u00e6k - an old fishing village in the Northern part of Sj\u00e6lland \u2013 near ocean and woods.\",\"breadcrumb\":{\"@id\":\"https:\\\/\\\/www.hornbaekhus.com\\\/en\\\/hornbaekhus\\\/hornbaek\\\/#breadcrumb\"},\"inLanguage\":\"en-US\",\"potentialAction\":[{\"@type\":\"ReadAction\",\"target\":[\"https:\\\/\\\/www.hornbaekhus.com\\\/en\\\/hornbaekhus\\\/hornbaek\\\/\"]}]},{\"@type\":\"BreadcrumbList\",\"@id\":\"https:\\\/\\\/www.hornbaekhus.com\\\/en\\\/hornbaekhus\\\/hornbaek\\\/#breadcrumb\",\"itemListElement\":[{\"@type\":\"ListItem\",\"position\":1,\"name\":\"Hjem\",\"item\":\"https:\\\/\\\/www.hornbaekhus.com\\\/en\\\/\"},{\"@type\":\"ListItem\",\"position\":2,\"name\":\"Hornb\u00e6khus\",\"item\":\"https:\\\/\\\/www.hornbaekhus.com\\\/en\\\/hornbaekhus\\\/\"},{\"@type\":\"ListItem\",\"position\":3,\"name\":\"Hornb\u00e6k\"}]},{\"@type\":\"WebSite\",\"@id\":\"https:\\\/\\\/www.hornbaekhus.com\\\/#website\",\"url\":\"https:\\\/\\\/www.hornbaekhus.com\\\/\",\"name\":\"Hornb\u00e6khus\",\"description\":\"\",\"publisher\":{\"@id\":\"https:\\\/\\\/www.hornbaekhus.com\\\/#organization\"},\"potentialAction\":[{\"@type\":\"SearchAction\",\"target\":{\"@type\":\"EntryPoint\",\"urlTemplate\":\"https:\\\/\\\/www.hornbaekhus.com\\\/?s={search_term_string}\"},\"query-input\":{\"@type\":\"PropertyValueSpecification\",\"valueRequired\":true,\"valueName\":\"search_term_string\"}}],\"inLanguage\":\"en-US\"},{\"@type\":\"Organization\",\"@id\":\"https:\\\/\\\/www.hornbaekhus.com\\\/#organization\",\"name\":\"Hotel Hornb\u00e6khus\",\"url\":\"https:\\\/\\\/www.hornbaekhus.com\\\/\",\"logo\":{\"@type\":\"ImageObject\",\"inLanguage\":\"en-US\",\"@id\":\"https:\\\/\\\/www.hornbaekhus.com\\\/#\\\/schema\\\/logo\\\/image\\\/\",\"url\":\"https:\\\/\\\/www.hornbaekhus.com\\\/wp-content\\\/uploads\\\/2018\\\/08\\\/MAIN-ny_Logo_HornB_Hotel_RED.png\",\"contentUrl\":\"https:\\\/\\\/www.hornbaekhus.com\\\/wp-content\\\/uploads\\\/2018\\\/08\\\/MAIN-ny_Logo_HornB_Hotel_RED.png\",\"width\":2603,\"height\":433,\"caption\":\"Hotel Hornb\u00e6khus\"},\"image\":{\"@id\":\"https:\\\/\\\/www.hornbaekhus.com\\\/#\\\/schema\\\/logo\\\/image\\\/\"},\"sameAs\":[\"https:\\\/\\\/www.facebook.com\\\/HotelHornbaekhus\\\/\",\"https:\\\/\\\/www.instagram.com\\\/hornbaekhus\\\/\"]}]}<\/script>\n<!-- \/ Yoast SEO plugin. -->","yoast_head_json":{"title":"Hornb\u00e6k - Hornb\u00e6khus","description":"Hotel Hornb\u00e6khus \u00a0is located in the centre of Hornb\u00e6k - an old fishing village in the Northern part of Sj\u00e6lland \u2013 near ocean and woods.","robots":{"index":"index","follow":"follow","max-snippet":"max-snippet:-1","max-image-preview":"max-image-preview:large","max-video-preview":"max-video-preview:-1"},"canonical":"https:\/\/www.hornbaekhus.com\/en\/hornbaekhus\/hornbaek\/","og_locale":"en_US","og_type":"article","og_title":"Hornb\u00e6k - Hornb\u00e6khus","og_description":"Hotel Hornb\u00e6khus \u00a0is located in the centre of Hornb\u00e6k - an old fishing village in the Northern part of Sj\u00e6lland \u2013 near ocean and woods.","og_url":"https:\/\/www.hornbaekhus.com\/en\/hornbaekhus\/hornbaek\/","og_site_name":"Hornb\u00e6khus","article_publisher":"https:\/\/www.facebook.com\/HotelHornbaekhus\/","article_modified_time":"2020-07-15T06:38:56+00:00","twitter_card":"summary_large_image","twitter_misc":{"Est. reading time":"5 minutes"},"schema":{"@context":"https:\/\/schema.org","@graph":[{"@type":"WebPage","@id":"https:\/\/www.hornbaekhus.com\/en\/hornbaekhus\/hornbaek\/","url":"https:\/\/www.hornbaekhus.com\/en\/hornbaekhus\/hornbaek\/","name":"Hornb\u00e6k - Hornb\u00e6khus","isPartOf":{"@id":"https:\/\/www.hornbaekhus.com\/#website"},"datePublished":"2018-04-30T11:35:30+00:00","dateModified":"2020-07-15T06:38:56+00:00","description":"Hotel Hornb\u00e6khus \u00a0is located in the centre of Hornb\u00e6k - an old fishing village in the Northern part of Sj\u00e6lland \u2013 near ocean and woods.","breadcrumb":{"@id":"https:\/\/www.hornbaekhus.com\/en\/hornbaekhus\/hornbaek\/#breadcrumb"},"inLanguage":"en-US","potentialAction":[{"@type":"ReadAction","target":["https:\/\/www.hornbaekhus.com\/en\/hornbaekhus\/hornbaek\/"]}]},{"@type":"BreadcrumbList","@id":"https:\/\/www.hornbaekhus.com\/en\/hornbaekhus\/hornbaek\/#breadcrumb","itemListElement":[{"@type":"ListItem","position":1,"name":"Hjem","item":"https:\/\/www.hornbaekhus.com\/en\/"},{"@type":"ListItem","position":2,"name":"Hornb\u00e6khus","item":"https:\/\/www.hornbaekhus.com\/en\/hornbaekhus\/"},{"@type":"ListItem","position":3,"name":"Hornb\u00e6k"}]},{"@type":"WebSite","@id":"https:\/\/www.hornbaekhus.com\/#website","url":"https:\/\/www.hornbaekhus.com\/","name":"Hornb\u00e6khus","description":"","publisher":{"@id":"https:\/\/www.hornbaekhus.com\/#organization"},"potentialAction":[{"@type":"SearchAction","target":{"@type":"EntryPoint","urlTemplate":"https:\/\/www.hornbaekhus.com\/?s={search_term_string}"},"query-input":{"@type":"PropertyValueSpecification","valueRequired":true,"valueName":"search_term_string"}}],"inLanguage":"en-US"},{"@type":"Organization","@id":"https:\/\/www.hornbaekhus.com\/#organization","name":"Hotel Hornb\u00e6khus","url":"https:\/\/www.hornbaekhus.com\/","logo":{"@type":"ImageObject","inLanguage":"en-US","@id":"https:\/\/www.hornbaekhus.com\/#\/schema\/logo\/image\/","url":"https:\/\/www.hornbaekhus.com\/wp-content\/uploads\/2018\/08\/MAIN-ny_Logo_HornB_Hotel_RED.png","contentUrl":"https:\/\/www.hornbaekhus.com\/wp-content\/uploads\/2018\/08\/MAIN-ny_Logo_HornB_Hotel_RED.png","width":2603,"height":433,"caption":"Hotel Hornb\u00e6khus"},"image":{"@id":"https:\/\/www.hornbaekhus.com\/#\/schema\/logo\/image\/"},"sameAs":["https:\/\/www.facebook.com\/HotelHornbaekhus\/","https:\/\/www.instagram.com\/hornbaekhus\/"]}]}},"_links":{"self":[{"href":"https:\/\/www.hornbaekhus.com\/en\/wp-json\/wp\/v2\/pages\/2712","targetHints":{"allow":["GET"]}}],"collection":[{"href":"https:\/\/www.hornbaekhus.com\/en\/wp-json\/wp\/v2\/pages"}],"about":[{"href":"https:\/\/www.hornbaekhus.com\/en\/wp-json\/wp\/v2\/types\/page"}],"author":[{"embeddable":true,"href":"https:\/\/www.hornbaekhus.com\/en\/wp-json\/wp\/v2\/users\/1"}],"replies":[{"embeddable":true,"href":"https:\/\/www.hornbaekhus.com\/en\/wp-json\/wp\/v2\/comments?post=2712"}],"version-history":[{"count":15,"href":"https:\/\/www.hornbaekhus.com\/en\/wp-json\/wp\/v2\/pages\/2712\/revisions"}],"predecessor-version":[{"id":17811,"href":"https:\/\/www.hornbaekhus.com\/en\/wp-json\/wp\/v2\/pages\/2712\/revisions\/17811"}],"up":[{"embeddable":true,"href":"https:\/\/www.hornbaekhus.com\/en\/wp-json\/wp\/v2\/pages\/4334"}],"wp:attachment":[{"href":"https:\/\/www.hornbaekhus.com\/en\/wp-json\/wp\/v2\/media?parent=2712"}],"curies":[{"name":"wp","href":"https:\/\/api.w.org\/{rel}","templated":true}]}}