{"id":27616,"date":"2025-03-26T13:04:53","date_gmt":"2025-03-26T12:04:53","guid":{"rendered":"https:\/\/www.hornbaekhus.com\/?page_id=27616"},"modified":"2025-03-26T13:04:53","modified_gmt":"2025-03-26T12:04:53","slug":"cookie-and-privacy-policy","status":"publish","type":"page","link":"https:\/\/www.hornbaekhus.com\/en\/cookie-and-privacy-policy\/","title":{"rendered":"COOKIE AND PRIVACY POLICY"},"content":{"rendered":"<div id='full_slider_1'  class='avia-fullwidth-slider main_color avia-shadow   avia-builder-el-0  el_before_av_one_full  avia-builder-el-first   container_wrap fullsize'  ><div  class='avia-slideshow av-m8pvnj5h-015e45392628f4787296ea9aa6f4c293 avia-slideshow-featured av_slideshow_full avia-slide-slider av-slideshow-ui av-control-default av-slideshow-manual av-loop-once av-loop-manual-endless av-default-height-applied   avia-slideshow-1' data-slideshow-options=\"{&quot;animation&quot;:&quot;slide&quot;,&quot;autoplay&quot;:false,&quot;loop_autoplay&quot;:&quot;once&quot;,&quot;interval&quot;:5,&quot;loop_manual&quot;:&quot;manual-endless&quot;,&quot;autoplay_stopper&quot;:false,&quot;noNavigation&quot;:false,&quot;bg_slider&quot;:false,&quot;keep_padding&quot;:false,&quot;hoverpause&quot;:false,&quot;show_slide_delay&quot;:0}\"  itemprop=\"image\" itemscope=\"itemscope\" itemtype=\"https:\/\/schema.org\/ImageObject\" ><ul class='avia-slideshow-inner ' style='padding-bottom: 31.899109792285%;'><li  class='avia-slideshow-slide av-m8pvnj5h-015e45392628f4787296ea9aa6f4c293__0  av-single-slide slide-1 slide-odd'><div data-rel='slideshow-1' class='avia-slide-wrap '   ><img decoding=\"async\" fetchpriority=\"high\" class=\"wp-image-26565 avia-img-lazy-loading-not-26565\"  src=\"https:\/\/www.hornbaekhus.com\/wp-content\/uploads\/2024\/11\/Sofa-1-sal-1348x430.jpg\" width=\"1348\" height=\"430\" title='Sofa 1 sal' alt=''  itemprop=\"thumbnailUrl\"   \/><\/div><\/li><\/ul><\/div><\/div><div id='after_full_slider_1'  class='main_color av_default_container_wrap container_wrap fullsize'  ><div class='container av-section-cont-open' ><div class='template-page content  av-content-full alpha units'><div class='post-entry post-entry-type-page post-entry-27616'><div class='entry-content-wrapper clearfix'>\n<div  class='flex_column av-av_one_full-e857af11b6a0d1d2fff9bb21b46f18ef av_one_full  avia-builder-el-1  el_after_av_slideshow_full  el_before_av_one_half  avia-builder-el-first  first flex_column_div  '     ><section  class='av_textblock_section av-m8pv4g3v-9dd7c6cd59c1a8d4eb1536ee2b55edd9 '   itemscope=\"itemscope\" itemtype=\"https:\/\/schema.org\/CreativeWork\" ><div class='avia_textblock'  itemprop=\"text\" ><h2 style=\"text-align: center;\">Cookie and privacy policy<\/h2>\n<\/div><\/section><\/div><div  class='flex_column av-av_one_half-e857af11b6a0d1d2fff9bb21b46f18ef av_one_half  avia-builder-el-3  el_after_av_one_full  el_before_av_one_half  first flex_column_div  column-top-margin'     ><section  class='av_textblock_section av-m8pvg6xn-c02767ba0e78f9e1bc8eb50c50ac1dd2 '   itemscope=\"itemscope\" itemtype=\"https:\/\/schema.org\/CreativeWork\" ><div class='avia_textblock'  itemprop=\"text\" ><h3><strong>Introduktion<\/strong><\/h3>\n<p>N\u00e5r du bes\u00f8ger vores website indsamles der oplysninger om dig, som vi bruger til at tilpasse og forbedre indholdet. Hvis du ikke \u00f8nsker, at der indsamles oplysninger, kan du slette dine cookies og undlade videre brug af websitet.<\/p>\n<h3><strong>Cookies<\/strong><\/h3>\n<p>This website uses \u201ccookies\u201d. A cookie is a text file that is stored on your computer or device used for browsing the internet. The purpose of the cookie can be to recognise the device from before, remember settings, measure user behaviour for statistics and to target advertisements. Cookies do not contain malicious code such as viruses.<\/p>\n<p>However, please be aware that If you delete or block cookies, this site may not function optimally or there may be content you cannot access.<\/p>\n<p>This website contains third party cookies that include Google Analytics and Mailchimp, to varying degrees.<\/p>\n<h3><strong>General info<\/strong><\/h3>\n<p>Personal information is any kind of information that can be attributed to you. When you use this website we collect and process some personal information about you.<\/p>\n<p>This happens, for example, if you sign up for our newsletter or purchase something via our website.<\/p>\n<p>We typically collect and process the following types of information: a unique ID and technical information about your computer, tablet or mobile phone, your IP address, your geographic location, and which pages you click on whilst using the website.<\/p>\n<p>If you explicitly consent to it and enter the information yourself, we may also process the following information about you: name, telephone number, e-mail, address and payment information. This is typically in connection with a subscription to a newsletter or purchase via the website.<\/p>\n<h3><strong>Security<\/strong><\/h3>\n<p>We have taken technical and organizational measures to prevent your information from being accidentally or illegally deleted, disclosed, lost, reduced or misunderstood, misused or otherwise violated by law.<\/p>\n<\/div><\/section><br \/>\n\n<style type=\"text\/css\" data-created_by=\"avia_inline_auto\" id=\"style-css-av-m8pvn3tr-537c5ba65da42d3fbc27e5bc86ed2692\">\n.avia-image-container.av-m8pvn3tr-537c5ba65da42d3fbc27e5bc86ed2692 img.avia_image{\nbox-shadow:none;\n}\n.avia-image-container.av-m8pvn3tr-537c5ba65da42d3fbc27e5bc86ed2692 .av-image-caption-overlay-center{\ncolor:#ffffff;\n}\n<\/style>\n<div  class='avia-image-container av-m8pvn3tr-537c5ba65da42d3fbc27e5bc86ed2692 av-styling- avia-align-center  avia-builder-el-5  el_after_av_textblock  avia-builder-el-last '   itemprop=\"image\" itemscope=\"itemscope\" itemtype=\"https:\/\/schema.org\/ImageObject\" ><div class=\"avia-image-container-inner\"><div class=\"avia-image-overlay-wrap\"><img decoding=\"async\" fetchpriority=\"high\" class='wp-image-27611 avia-img-lazy-loading-not-27611 avia_image ' src=\"https:\/\/www.hornbaekhus.com\/wp-content\/uploads\/2025\/03\/Cookies-paa-fad-300x135.png\" alt='' title='Cookies pa\u030a fad'  height=\"135\" width=\"300\"  itemprop=\"thumbnailUrl\" srcset=\"https:\/\/www.hornbaekhus.com\/wp-content\/uploads\/2025\/03\/Cookies-paa-fad-300x135.png 300w, https:\/\/www.hornbaekhus.com\/wp-content\/uploads\/2025\/03\/Cookies-paa-fad.png 511w\" sizes=\"(max-width: 300px) 100vw, 300px\" \/><\/div><\/div><\/div><\/p><\/div><div  class='flex_column av-av_one_half-317825fc910b4c59f5c65b69d9f4ed79 av_one_half  avia-builder-el-6  el_after_av_one_half  avia-builder-el-last  flex_column_div  column-top-margin'     ><section  class='av_textblock_section av-m8pvmoei-b84db32b5ccc86f4f3cd1f62d763957b '   itemscope=\"itemscope\" itemtype=\"https:\/\/schema.org\/CreativeWork\" ><div class='avia_textblock'  itemprop=\"text\" ><h3><strong>Purpose<\/strong><\/h3>\n<p>The information is used to identify you as a user and to show you content and ads that are most likely to be relevant to you, to record your purchases and payments, and to provide the services you have requested, such as to send a newsletter. In addition, we use the information to optimise our services and content.<\/p>\n<h3><strong>Information retention<\/strong><\/h3>\n<p>The information is stored for the time allowed by law and we delete it when it is no longer required. The retention period varies, depending on the nature of the information and the reason for retention. It is therefore not possible to specify a time frame for when information is deleted.<\/p>\n<h3><strong>Third parties<\/strong><\/h3>\n<p>Data about your usage of the website, which ads you receive and click on, geographical location, gender, age segment and so on is disclosed to third parties to the extent that this information is known.<\/p>\n<p>You can see what the third parties are in the \u201cCookies\u201d section.<\/p>\n<p>We also use a number of third parties for the storage and processing of data. These parties only process information on our behalf and are not allowed use your data for their own purposes. The sharing of personal data such as your name and email address will only happen if you consent to it.<\/p>\n<p>We only use data processors in the EU or in countries that can provide your information with sufficient protection.<\/p>\n<h3><strong>Transparency and complaints<\/strong><\/h3>\n<p>You have the right to know what personal information we are processing about you. You can also object at any time that information is used. You may also revoke your consent to the processing of your information.<\/p>\n<p>What\u2019s more, if the information processed about you is incorrect, you have the right to be corrected or deleted. Please contact us at info@hornbaekhus.com. If you want to complain about our processing of your personal data, you also have the opportunity to contact the Data Inspectorate (Datatilsynet).<\/p>\n<h3><strong>Publisher<\/strong><\/h3>\n<p>This website is owned and published by:<\/p>\n<p>Hotel Hornb\u00e6khus og Villa Strand<br \/>\nSkovvej 7, 3100 Hornb\u00e6k<br \/>\nDENMARK<\/p>\n<p>E-mail: info@hornbaekhus.com<\/p>\n<\/div><\/section><\/div>\n","protected":false},"excerpt":{"rendered":"","protected":false},"author":6,"featured_media":0,"parent":0,"menu_order":0,"comment_status":"closed","ping_status":"closed","template":"","meta":{"_acf_changed":false,"footnotes":""},"class_list":["post-27616","page","type-page","status-publish","hentry"],"acf":[],"yoast_head":"<!-- This site is optimized with the Yoast SEO plugin v27.3 - https:\/\/yoast.com\/product\/yoast-seo-wordpress\/ -->\n<title>COOKIE AND PRIVACY POLICY - Hornb\u00e6khus<\/title>\n<meta name=\"robots\" content=\"index, follow, max-snippet:-1, max-image-preview:large, max-video-preview:-1\" \/>\n<link rel=\"canonical\" href=\"https:\/\/www.hornbaekhus.com\/en\/cookie-and-privacy-policy\/\" \/>\n<meta property=\"og:locale\" content=\"en_US\" \/>\n<meta property=\"og:type\" content=\"article\" \/>\n<meta property=\"og:title\" content=\"COOKIE AND PRIVACY POLICY - Hornb\u00e6khus\" \/>\n<meta property=\"og:url\" content=\"https:\/\/www.hornbaekhus.com\/en\/cookie-and-privacy-policy\/\" \/>\n<meta property=\"og:site_name\" content=\"Hornb\u00e6khus\" \/>\n<meta property=\"article:publisher\" content=\"https:\/\/www.facebook.com\/HotelHornbaekhus\/\" \/>\n<meta name=\"twitter:card\" content=\"summary_large_image\" \/>\n<meta name=\"twitter:label1\" content=\"Est. reading time\" \/>\n\t<meta name=\"twitter:data1\" content=\"4 minutes\" \/>\n<script type=\"application\/ld+json\" class=\"yoast-schema-graph\">{\"@context\":\"https:\\\/\\\/schema.org\",\"@graph\":[{\"@type\":\"WebPage\",\"@id\":\"https:\\\/\\\/www.hornbaekhus.com\\\/en\\\/cookie-and-privacy-policy\\\/\",\"url\":\"https:\\\/\\\/www.hornbaekhus.com\\\/en\\\/cookie-and-privacy-policy\\\/\",\"name\":\"COOKIE AND PRIVACY POLICY - Hornb\u00e6khus\",\"isPartOf\":{\"@id\":\"https:\\\/\\\/www.hornbaekhus.com\\\/#website\"},\"datePublished\":\"2025-03-26T12:04:53+00:00\",\"breadcrumb\":{\"@id\":\"https:\\\/\\\/www.hornbaekhus.com\\\/en\\\/cookie-and-privacy-policy\\\/#breadcrumb\"},\"inLanguage\":\"en-US\",\"potentialAction\":[{\"@type\":\"ReadAction\",\"target\":[\"https:\\\/\\\/www.hornbaekhus.com\\\/en\\\/cookie-and-privacy-policy\\\/\"]}]},{\"@type\":\"BreadcrumbList\",\"@id\":\"https:\\\/\\\/www.hornbaekhus.com\\\/en\\\/cookie-and-privacy-policy\\\/#breadcrumb\",\"itemListElement\":[{\"@type\":\"ListItem\",\"position\":1,\"name\":\"Hjem\",\"item\":\"https:\\\/\\\/www.hornbaekhus.com\\\/en\\\/\"},{\"@type\":\"ListItem\",\"position\":2,\"name\":\"COOKIE AND PRIVACY POLICY\"}]},{\"@type\":\"WebSite\",\"@id\":\"https:\\\/\\\/www.hornbaekhus.com\\\/#website\",\"url\":\"https:\\\/\\\/www.hornbaekhus.com\\\/\",\"name\":\"Hornb\u00e6khus\",\"description\":\"\",\"publisher\":{\"@id\":\"https:\\\/\\\/www.hornbaekhus.com\\\/#organization\"},\"potentialAction\":[{\"@type\":\"SearchAction\",\"target\":{\"@type\":\"EntryPoint\",\"urlTemplate\":\"https:\\\/\\\/www.hornbaekhus.com\\\/?s={search_term_string}\"},\"query-input\":{\"@type\":\"PropertyValueSpecification\",\"valueRequired\":true,\"valueName\":\"search_term_string\"}}],\"inLanguage\":\"en-US\"},{\"@type\":\"Organization\",\"@id\":\"https:\\\/\\\/www.hornbaekhus.com\\\/#organization\",\"name\":\"Hotel Hornb\u00e6khus\",\"url\":\"https:\\\/\\\/www.hornbaekhus.com\\\/\",\"logo\":{\"@type\":\"ImageObject\",\"inLanguage\":\"en-US\",\"@id\":\"https:\\\/\\\/www.hornbaekhus.com\\\/#\\\/schema\\\/logo\\\/image\\\/\",\"url\":\"https:\\\/\\\/www.hornbaekhus.com\\\/wp-content\\\/uploads\\\/2018\\\/08\\\/MAIN-ny_Logo_HornB_Hotel_RED.png\",\"contentUrl\":\"https:\\\/\\\/www.hornbaekhus.com\\\/wp-content\\\/uploads\\\/2018\\\/08\\\/MAIN-ny_Logo_HornB_Hotel_RED.png\",\"width\":2603,\"height\":433,\"caption\":\"Hotel Hornb\u00e6khus\"},\"image\":{\"@id\":\"https:\\\/\\\/www.hornbaekhus.com\\\/#\\\/schema\\\/logo\\\/image\\\/\"},\"sameAs\":[\"https:\\\/\\\/www.facebook.com\\\/HotelHornbaekhus\\\/\",\"https:\\\/\\\/www.instagram.com\\\/hornbaekhus\\\/\"]}]}<\/script>\n<!-- \/ Yoast SEO plugin. -->","yoast_head_json":{"title":"COOKIE AND PRIVACY POLICY - Hornb\u00e6khus","robots":{"index":"index","follow":"follow","max-snippet":"max-snippet:-1","max-image-preview":"max-image-preview:large","max-video-preview":"max-video-preview:-1"},"canonical":"https:\/\/www.hornbaekhus.com\/en\/cookie-and-privacy-policy\/","og_locale":"en_US","og_type":"article","og_title":"COOKIE AND PRIVACY POLICY - Hornb\u00e6khus","og_url":"https:\/\/www.hornbaekhus.com\/en\/cookie-and-privacy-policy\/","og_site_name":"Hornb\u00e6khus","article_publisher":"https:\/\/www.facebook.com\/HotelHornbaekhus\/","twitter_card":"summary_large_image","twitter_misc":{"Est. reading time":"4 minutes"},"schema":{"@context":"https:\/\/schema.org","@graph":[{"@type":"WebPage","@id":"https:\/\/www.hornbaekhus.com\/en\/cookie-and-privacy-policy\/","url":"https:\/\/www.hornbaekhus.com\/en\/cookie-and-privacy-policy\/","name":"COOKIE AND PRIVACY POLICY - Hornb\u00e6khus","isPartOf":{"@id":"https:\/\/www.hornbaekhus.com\/#website"},"datePublished":"2025-03-26T12:04:53+00:00","breadcrumb":{"@id":"https:\/\/www.hornbaekhus.com\/en\/cookie-and-privacy-policy\/#breadcrumb"},"inLanguage":"en-US","potentialAction":[{"@type":"ReadAction","target":["https:\/\/www.hornbaekhus.com\/en\/cookie-and-privacy-policy\/"]}]},{"@type":"BreadcrumbList","@id":"https:\/\/www.hornbaekhus.com\/en\/cookie-and-privacy-policy\/#breadcrumb","itemListElement":[{"@type":"ListItem","position":1,"name":"Hjem","item":"https:\/\/www.hornbaekhus.com\/en\/"},{"@type":"ListItem","position":2,"name":"COOKIE AND PRIVACY POLICY"}]},{"@type":"WebSite","@id":"https:\/\/www.hornbaekhus.com\/#website","url":"https:\/\/www.hornbaekhus.com\/","name":"Hornb\u00e6khus","description":"","publisher":{"@id":"https:\/\/www.hornbaekhus.com\/#organization"},"potentialAction":[{"@type":"SearchAction","target":{"@type":"EntryPoint","urlTemplate":"https:\/\/www.hornbaekhus.com\/?s={search_term_string}"},"query-input":{"@type":"PropertyValueSpecification","valueRequired":true,"valueName":"search_term_string"}}],"inLanguage":"en-US"},{"@type":"Organization","@id":"https:\/\/www.hornbaekhus.com\/#organization","name":"Hotel Hornb\u00e6khus","url":"https:\/\/www.hornbaekhus.com\/","logo":{"@type":"ImageObject","inLanguage":"en-US","@id":"https:\/\/www.hornbaekhus.com\/#\/schema\/logo\/image\/","url":"https:\/\/www.hornbaekhus.com\/wp-content\/uploads\/2018\/08\/MAIN-ny_Logo_HornB_Hotel_RED.png","contentUrl":"https:\/\/www.hornbaekhus.com\/wp-content\/uploads\/2018\/08\/MAIN-ny_Logo_HornB_Hotel_RED.png","width":2603,"height":433,"caption":"Hotel Hornb\u00e6khus"},"image":{"@id":"https:\/\/www.hornbaekhus.com\/#\/schema\/logo\/image\/"},"sameAs":["https:\/\/www.facebook.com\/HotelHornbaekhus\/","https:\/\/www.instagram.com\/hornbaekhus\/"]}]}},"_links":{"self":[{"href":"https:\/\/www.hornbaekhus.com\/en\/wp-json\/wp\/v2\/pages\/27616","targetHints":{"allow":["GET"]}}],"collection":[{"href":"https:\/\/www.hornbaekhus.com\/en\/wp-json\/wp\/v2\/pages"}],"about":[{"href":"https:\/\/www.hornbaekhus.com\/en\/wp-json\/wp\/v2\/types\/page"}],"author":[{"embeddable":true,"href":"https:\/\/www.hornbaekhus.com\/en\/wp-json\/wp\/v2\/users\/6"}],"replies":[{"embeddable":true,"href":"https:\/\/www.hornbaekhus.com\/en\/wp-json\/wp\/v2\/comments?post=27616"}],"version-history":[{"count":2,"href":"https:\/\/www.hornbaekhus.com\/en\/wp-json\/wp\/v2\/pages\/27616\/revisions"}],"predecessor-version":[{"id":27618,"href":"https:\/\/www.hornbaekhus.com\/en\/wp-json\/wp\/v2\/pages\/27616\/revisions\/27618"}],"wp:attachment":[{"href":"https:\/\/www.hornbaekhus.com\/en\/wp-json\/wp\/v2\/media?parent=27616"}],"curies":[{"name":"wp","href":"https:\/\/api.w.org\/{rel}","templated":true}]}}