{"id":4330,"date":"2018-04-30T13:39:38","date_gmt":"2018-04-30T11:39:38","guid":{"rendered":"https:\/\/www.hornbaekhus.com\/?page_id=4330"},"modified":"2019-01-07T09:26:07","modified_gmt":"2019-01-07T08:26:07","slug":"blog","status":"publish","type":"page","link":"https:\/\/www.hornbaekhus.com\/en\/blog\/","title":{"rendered":"Blog"},"content":{"rendered":"<div id='av_section_1'  class='avia-section av-jhvw4pul-1575b478b06ffbdbbc1008c6c448e6bc main_color avia-section-default avia-no-border-styling  avia-builder-el-0  el_before_av_section  avia-builder-el-first  avia-bg-style-scroll container_wrap fullsize'  ><div class='container av-section-cont-open' ><main  role=\"main\" itemprop=\"mainContentOfPage\"  class='template-page content  av-content-full alpha units'><div class='post-entry post-entry-type-page post-entry-4330'><div class='entry-content-wrapper clearfix'>\n\n<style type=\"text\/css\" data-created_by=\"avia_inline_auto\" id=\"style-css-av-av_heading-4c173197938ab3f1233d67a6d50860dd\">\n#top .av-special-heading.av-av_heading-4c173197938ab3f1233d67a6d50860dd{\npadding-bottom:30px;\n}\nbody .av-special-heading.av-av_heading-4c173197938ab3f1233d67a6d50860dd .av-special-heading-tag .heading-char{\nfont-size:25px;\n}\n.av-special-heading.av-av_heading-4c173197938ab3f1233d67a6d50860dd .av-subheading{\nfont-size:15px;\n}\n<\/style>\n<div  class='av-special-heading av-av_heading-4c173197938ab3f1233d67a6d50860dd av-special-heading-h2 blockquote modern-quote  avia-builder-el-1  el_before_av_one_full  avia-builder-el-first '><h2 class='av-special-heading-tag'  itemprop=\"headline\"  >Tak for en fantastisk sommer p\u00e5 Villa Strand<\/h2><div class='av-subheading av-subheading_below'><p>Det har v\u00e6ret varmt, det har v\u00e6ret fantastisk, det har v\u00e6ret sjovt og dejligt at m\u00f8de jer.<br \/>\nTak til alle jer der kom og var med til at g\u00f8re det helt specielt.<\/p>\n<\/div><div class=\"special-heading-border\"><div class=\"special-heading-inner-border\"><\/div><\/div><\/div>\n\n<style type=\"text\/css\" data-created_by=\"avia_inline_auto\" id=\"style-css-av-4phir-4006a5893089e7a223fda281ff4b8180\">\n.flex_column.av-4phir-4006a5893089e7a223fda281ff4b8180{\nborder-radius:0px 0px 0px 0px;\npadding:0px 0px 0px 0px;\n}\n<\/style>\n<div  class='flex_column av-4phir-4006a5893089e7a223fda281ff4b8180 av_one_full  avia-builder-el-2  el_after_av_heading  el_before_av_one_half  first flex_column_div av-zero-column-padding  '     ><style type=\"text\/css\" data-created_by=\"avia_inline_auto\" id=\"style-css-av-3yvvr-54edd47148922a231f50d90975df7b93\">\n.avia-image-container.av-3yvvr-54edd47148922a231f50d90975df7b93 img.avia_image{\nbox-shadow:none;\n}\n.avia-image-container.av-3yvvr-54edd47148922a231f50d90975df7b93 .av-image-caption-overlay-center{\ncolor:#ffffff;\n}\n<\/style>\n<div  class='avia-image-container av-3yvvr-54edd47148922a231f50d90975df7b93 av-styling- avia-align-center  avia-builder-el-3  avia-builder-el-no-sibling '   itemprop=\"image\" itemscope=\"itemscope\" itemtype=\"https:\/\/schema.org\/ImageObject\" ><div class=\"avia-image-container-inner\"><div class=\"avia-image-overlay-wrap\"><img decoding=\"async\" fetchpriority=\"high\" class='wp-image-3699 avia-img-lazy-loading-not-3699 avia_image ' src=\"https:\/\/www.hornbaekhus.com\/wp-content\/uploads\/2018\/08\/Hornbaek-2.jpg\" alt='' title='Hornb\u00e6khavn'  height=\"754\" width=\"1130\"  itemprop=\"thumbnailUrl\" srcset=\"https:\/\/www.hornbaekhus.com\/wp-content\/uploads\/2018\/08\/Hornbaek-2.jpg 1130w, https:\/\/www.hornbaekhus.com\/wp-content\/uploads\/2018\/08\/Hornbaek-2-300x200.jpg 300w, https:\/\/www.hornbaekhus.com\/wp-content\/uploads\/2018\/08\/Hornbaek-2-768x512.jpg 768w, https:\/\/www.hornbaekhus.com\/wp-content\/uploads\/2018\/08\/Hornbaek-2-1030x687.jpg 1030w, https:\/\/www.hornbaekhus.com\/wp-content\/uploads\/2018\/08\/Hornbaek-2-705x470.jpg 705w, https:\/\/www.hornbaekhus.com\/wp-content\/uploads\/2018\/08\/Hornbaek-2-450x300.jpg 450w\" sizes=\"(max-width: 1130px) 100vw, 1130px\" \/><\/div><\/div><\/div><\/div>\n<style type=\"text\/css\" data-created_by=\"avia_inline_auto\" id=\"style-css-av-36prf-e9e61ef4ec4c0e79d4a337ba2f62e01e\">\n.flex_column.av-36prf-e9e61ef4ec4c0e79d4a337ba2f62e01e{\nborder-radius:0px 0px 0px 0px;\npadding:0px 0px 0px 0px;\n}\n<\/style>\n<div  class='flex_column av-36prf-e9e61ef4ec4c0e79d4a337ba2f62e01e av_one_half  avia-builder-el-4  el_after_av_one_full  el_before_av_one_half  first flex_column_div av-zero-column-padding  column-top-margin'     ><section  class='av_textblock_section av-2gxlj-f96f36a43f2ec06d68af2c5ffa7e7007 '   itemscope=\"itemscope\" itemtype=\"https:\/\/schema.org\/CreativeWork\" ><div class='avia_textblock'  itemprop=\"text\" ><h3>Vestibulum in odio dapibus<\/h3>\n<p>Lorem ipsum dolor sit amet, consectetur adipiscing elit. Vestibulum in odio dapibus, lobortis erat at, auctor lorem. Suspendisse finibus non elementum felis faucibus. Mauris magna, porttitor et semper id, semper at mi.<\/p>\n<p>Lorem ipsum dolor sit amet, consectetur adipiscing elit. Ut in quam at nulla vulputate rutrum. In imperdiet nisi a turpis lobortis, a placerat massa imperdiet. Ut tristique nibh metus, et tincidunt massa tincidunt maximus. Sed sed lobortis ex. Quisque non hendrerit leo.<\/p>\n<p>Vivamus et diam consectetur, scelerisque enim in, feugiat dui. Sed vitae nisi mollis, iaculis felis at, ullamcorper erat. Morbi rutrum gravida purus non bibendum. In congue vitae felis non hendrerit.<\/p>\n<\/div><\/section><\/div>\n<style type=\"text\/css\" data-created_by=\"avia_inline_auto\" id=\"style-css-av-1gnvz-57f5f424ed1cf218cf814c90be181dcf\">\n.flex_column.av-1gnvz-57f5f424ed1cf218cf814c90be181dcf{\nborder-radius:0px 0px 0px 0px;\npadding:0px 0px 0px 0px;\n}\n<\/style>\n<div  class='flex_column av-1gnvz-57f5f424ed1cf218cf814c90be181dcf av_one_half  avia-builder-el-6  el_after_av_one_half  avia-builder-el-last  flex_column_div av-zero-column-padding  column-top-margin'     ><section  class='av_textblock_section av-2gxlj-f96f36a43f2ec06d68af2c5ffa7e7007 '   itemscope=\"itemscope\" itemtype=\"https:\/\/schema.org\/CreativeWork\" ><div class='avia_textblock'  itemprop=\"text\" ><h3>Suspendisse<\/h3>\n<p>Lorem ipsum dolor sit amet, consectetur adipiscing elit. Vestibulum in odio dapibus, lobortis erat at, auctor lorem. Suspendisse finibus non elementum felis faucibus. Mauris magna, porttitor et semper id, semper at mi.<\/p>\n<p>Lorem ipsum dolor sit amet, consectetur adipiscing elit. Vestibulum in odio dapibus, lobortis erat at, auctor lorem.<\/p>\n<\/div><\/section><\/div><\/div><\/div><\/main><!-- close content main element --><\/div><\/div><div id='av_section_2'  class='avia-section av-jhvw4pul-1575b478b06ffbdbbc1008c6c448e6bc main_color avia-section-default avia-no-border-styling  avia-builder-el-8  el_after_av_section  el_before_av_section  avia-bg-style-scroll container_wrap fullsize'  ><div class='container av-section-cont-open' ><div class='template-page content  av-content-full alpha units'><div class='post-entry post-entry-type-page post-entry-4330'><div class='entry-content-wrapper clearfix'>\n\n<style type=\"text\/css\" data-created_by=\"avia_inline_auto\" id=\"style-css-av-bwjnc-cd43a94ad0c99c593993ccb4d484f5cc\">\n#top .av-special-heading.av-bwjnc-cd43a94ad0c99c593993ccb4d484f5cc{\npadding-bottom:30px;\n}\nbody .av-special-heading.av-bwjnc-cd43a94ad0c99c593993ccb4d484f5cc .av-special-heading-tag .heading-char{\nfont-size:25px;\n}\n.av-special-heading.av-bwjnc-cd43a94ad0c99c593993ccb4d484f5cc .av-subheading{\nfont-size:15px;\n}\n<\/style>\n<div  class='av-special-heading av-bwjnc-cd43a94ad0c99c593993ccb4d484f5cc av-special-heading-h2 blockquote modern-quote  avia-builder-el-9  el_before_av_one_full  avia-builder-el-first '><h2 class='av-special-heading-tag'  itemprop=\"headline\"  >Section template til fun<\/h2><div class='av-subheading av-subheading_below'><p>Lorem ipsum dolor sit amet, consectetur adipiscing elit. Vestibulum in odio dapibus, lobortis erat at, auctor lorem.<\/p>\n<\/div><div class=\"special-heading-border\"><div class=\"special-heading-inner-border\"><\/div><\/div><\/div>\n\n<style type=\"text\/css\" data-created_by=\"avia_inline_auto\" id=\"style-css-av-4phir-4006a5893089e7a223fda281ff4b8180\">\n.flex_column.av-4phir-4006a5893089e7a223fda281ff4b8180{\nborder-radius:0px 0px 0px 0px;\npadding:0px 0px 0px 0px;\n}\n<\/style>\n<div  class='flex_column av-4phir-4006a5893089e7a223fda281ff4b8180 av_one_full  avia-builder-el-10  el_after_av_heading  avia-builder-el-last  first flex_column_div av-zero-column-padding  '     ><p><div  class='avia-video av-jhvwf14g-84f829bd9fc4f7f61c9c6b13986864da avia-video-16-9 av-no-preview-image avia-video-load-always av-lazyload-immediate av-lazyload-video-embed'  itemprop=\"video\" itemtype=\"https:\/\/schema.org\/VideoObject\"  data-original_url='https:\/\/vimeo.com\/76500849'><script type='text\/html' class='av-video-tmpl'><div class='avia-iframe-wrap'><iframe loading=\"lazy\" src=\"https:\/\/player.vimeo.com\/video\/76500849?app_id=122963&autoplay=0&loop=0&controls=1&muted=0\" width=\"1500\" height=\"844\" frameborder=\"0\" title=\"Skiftek&aelig;r &Oslash;kologi\" webkitallowfullscreen mozallowfullscreen allowfullscreen><\/iframe><\/div><\/script><div class='av-click-to-play-overlay'><div class=\"avia_playpause_icon\"><\/div><\/div><\/div><br \/>\n<section  class='av_textblock_section av-2gxlj-f96f36a43f2ec06d68af2c5ffa7e7007 '   itemscope=\"itemscope\" itemtype=\"https:\/\/schema.org\/CreativeWork\" ><div class='avia_textblock'  itemprop=\"text\" ><h3>Suspendisse<\/h3>\n<p>Lorem ipsum dolor sit amet, consectetur adipiscing elit. Vestibulum in odio dapibus, lobortis erat at, auctor lorem. Suspendisse finibus non elementum felis faucibus. Mauris magna, porttitor et semper id, semper at mi.<\/p>\n<\/div><\/section><\/p><\/div>\n\n<\/div><\/div><\/div><!-- close content main div --><\/div><\/div><div id='av_section_3'  class='avia-section av-jhvw4pul-1575b478b06ffbdbbc1008c6c448e6bc main_color avia-section-default avia-no-border-styling  avia-builder-el-13  el_after_av_section  avia-builder-el-last  avia-bg-style-scroll container_wrap fullsize'  ><div class='container av-section-cont-open' ><div class='template-page content  av-content-full alpha units'><div class='post-entry post-entry-type-page post-entry-4330'><div class='entry-content-wrapper clearfix'>\n\n<style type=\"text\/css\" data-created_by=\"avia_inline_auto\" id=\"style-css-av-6vk7s-d9fc0f934724bf77f36a39853c8e4cc1\">\n#top .av-special-heading.av-6vk7s-d9fc0f934724bf77f36a39853c8e4cc1{\npadding-bottom:30px;\n}\nbody .av-special-heading.av-6vk7s-d9fc0f934724bf77f36a39853c8e4cc1 .av-special-heading-tag .heading-char{\nfont-size:25px;\n}\n.av-special-heading.av-6vk7s-d9fc0f934724bf77f36a39853c8e4cc1 .av-subheading{\nfont-size:15px;\n}\n<\/style>\n<div  class='av-special-heading av-6vk7s-d9fc0f934724bf77f36a39853c8e4cc1 av-special-heading-h2 blockquote modern-quote  avia-builder-el-14  el_before_av_one_half  avia-builder-el-first '><h2 class='av-special-heading-tag'  itemprop=\"headline\"  >Section template til fun<\/h2><div class='av-subheading av-subheading_below'><p>Lorem ipsum dolor sit amet, consectetur adipiscing elit. Vestibulum in odio dapibus, lobortis erat at, auctor lorem.<\/p>\n<\/div><div class=\"special-heading-border\"><div class=\"special-heading-inner-border\"><\/div><\/div><\/div>\n\n<style type=\"text\/css\" data-created_by=\"avia_inline_auto\" id=\"style-css-av-4phir-9aed36444572f0bb974f1d514ff6b52b\">\n.flex_column.av-4phir-9aed36444572f0bb974f1d514ff6b52b{\nborder-radius:0px 0px 0px 0px;\npadding:0px 0px 0px 0px;\n}\n<\/style>\n<div  class='flex_column av-4phir-9aed36444572f0bb974f1d514ff6b52b av_one_half  avia-builder-el-15  el_after_av_heading  el_before_av_one_half  first no_margin flex_column_div av-zero-column-padding  '     ><style type=\"text\/css\" data-created_by=\"avia_inline_auto\" id=\"style-css-av-3yvvr-ead9a051cd073ad24d37e34fafd87164\">\n.avia-image-container.av-3yvvr-ead9a051cd073ad24d37e34fafd87164 img.avia_image{\nbox-shadow:none;\n}\n.avia-image-container.av-3yvvr-ead9a051cd073ad24d37e34fafd87164 .av-image-caption-overlay-center{\ncolor:#ffffff;\n}\n<\/style>\n<div  class='avia-image-container av-3yvvr-ead9a051cd073ad24d37e34fafd87164 av-styling- avia-align-center  avia-builder-el-16  avia-builder-el-no-sibling '   itemprop=\"image\" itemscope=\"itemscope\" itemtype=\"https:\/\/schema.org\/ImageObject\" ><div class=\"avia-image-container-inner\"><div class=\"avia-image-overlay-wrap\"><img decoding=\"async\" fetchpriority=\"high\" class='avia-img-lazy-loading-not- avia_image ' src=\"https:\/\/www.hornbaekhus.com\/wp-content\/uploads\/2018\/05\/615x350-kokken.jpg\" alt='' title=''   itemprop=\"thumbnailUrl\"  \/><\/div><\/div><\/div><\/div>\n<style type=\"text\/css\" data-created_by=\"avia_inline_auto\" id=\"style-css-av-4phir-d30b0008f0f5032fb2d648f61b3b2b9c\">\n.flex_column.av-4phir-d30b0008f0f5032fb2d648f61b3b2b9c{\nborder-radius:0px 0px 0px 0px;\npadding:0px 0px 0px 0px;\n}\n<\/style>\n<div  class='flex_column av-4phir-d30b0008f0f5032fb2d648f61b3b2b9c av_one_half  avia-builder-el-17  el_after_av_one_half  el_before_av_one_half  no_margin flex_column_div av-zero-column-padding  '     ><style type=\"text\/css\" data-created_by=\"avia_inline_auto\" id=\"style-css-av-3yvvr-c5acf65aca703a12bf0d17fd655e8763\">\n.avia-image-container.av-3yvvr-c5acf65aca703a12bf0d17fd655e8763 img.avia_image{\nbox-shadow:none;\n}\n.avia-image-container.av-3yvvr-c5acf65aca703a12bf0d17fd655e8763 .av-image-caption-overlay-center{\ncolor:#ffffff;\n}\n<\/style>\n<div  class='avia-image-container av-3yvvr-c5acf65aca703a12bf0d17fd655e8763 av-styling- avia-align-center  avia-builder-el-18  avia-builder-el-no-sibling '   itemprop=\"image\" itemscope=\"itemscope\" itemtype=\"https:\/\/schema.org\/ImageObject\" ><div class=\"avia-image-container-inner\"><div class=\"avia-image-overlay-wrap\"><img decoding=\"async\" fetchpriority=\"high\" class='avia-img-lazy-loading-not- avia_image ' src=\"https:\/\/www.hornbaekhus.com\/wp-content\/uploads\/2018\/05\/615x350-baer.jpg\" alt='' title=''   itemprop=\"thumbnailUrl\"  \/><\/div><\/div><\/div><\/div>\n<style type=\"text\/css\" data-created_by=\"avia_inline_auto\" id=\"style-css-av-4phir-9aed36444572f0bb974f1d514ff6b52b\">\n.flex_column.av-4phir-9aed36444572f0bb974f1d514ff6b52b{\nborder-radius:0px 0px 0px 0px;\npadding:0px 0px 0px 0px;\n}\n<\/style>\n<div  class='flex_column av-4phir-9aed36444572f0bb974f1d514ff6b52b av_one_half  avia-builder-el-19  el_after_av_one_half  el_before_av_one_half  first no_margin flex_column_div av-zero-column-padding  column-top-margin'     ><style type=\"text\/css\" data-created_by=\"avia_inline_auto\" id=\"style-css-av-3yvvr-ea62f7971a96b317186b168f956a1f78\">\n.avia-image-container.av-3yvvr-ea62f7971a96b317186b168f956a1f78 img.avia_image{\nbox-shadow:none;\n}\n.avia-image-container.av-3yvvr-ea62f7971a96b317186b168f956a1f78 .av-image-caption-overlay-center{\ncolor:#ffffff;\n}\n<\/style>\n<div  class='avia-image-container av-3yvvr-ea62f7971a96b317186b168f956a1f78 av-styling- avia-align-center  avia-builder-el-20  avia-builder-el-no-sibling '   itemprop=\"image\" itemscope=\"itemscope\" itemtype=\"https:\/\/schema.org\/ImageObject\" ><div class=\"avia-image-container-inner\"><div class=\"avia-image-overlay-wrap\"><img decoding=\"async\" fetchpriority=\"high\" class='avia-img-lazy-loading-not- avia_image ' src=\"https:\/\/www.hornbaekhus.com\/wp-content\/uploads\/2018\/05\/615x350-fisker-joergen.jpg\" alt='' title=''   itemprop=\"thumbnailUrl\"  \/><\/div><\/div><\/div><\/div>\n<style type=\"text\/css\" data-created_by=\"avia_inline_auto\" id=\"style-css-av-4phir-cb07eec2bc0056b3973b5713e656ae15\">\n.flex_column.av-4phir-cb07eec2bc0056b3973b5713e656ae15{\nborder-radius:0px 0px 0px 0px;\npadding:0px 0px 0px 0px;\n}\n<\/style>\n<div  class='flex_column av-4phir-cb07eec2bc0056b3973b5713e656ae15 av_one_half  avia-builder-el-21  el_after_av_one_half  el_before_av_one_half  no_margin flex_column_div av-zero-column-padding  column-top-margin'     ><style type=\"text\/css\" data-created_by=\"avia_inline_auto\" id=\"style-css-av-3yvvr-0c4b7283a78dfe1bc1f7a0a4319a2f80\">\n.avia-image-container.av-3yvvr-0c4b7283a78dfe1bc1f7a0a4319a2f80 img.avia_image{\nbox-shadow:none;\n}\n.avia-image-container.av-3yvvr-0c4b7283a78dfe1bc1f7a0a4319a2f80 .av-image-caption-overlay-center{\ncolor:#ffffff;\n}\n<\/style>\n<div  class='avia-image-container av-3yvvr-0c4b7283a78dfe1bc1f7a0a4319a2f80 av-styling- avia-align-center  avia-builder-el-22  avia-builder-el-no-sibling '   itemprop=\"image\" itemscope=\"itemscope\" itemtype=\"https:\/\/schema.org\/ImageObject\" ><div class=\"avia-image-container-inner\"><div class=\"avia-image-overlay-wrap\"><img decoding=\"async\" fetchpriority=\"high\" class='avia-img-lazy-loading-not- avia_image ' src=\"https:\/\/www.hornbaekhus.com\/wp-content\/uploads\/2018\/05\/615x350-hornbaek-3.jpg\" alt='' title=''   itemprop=\"thumbnailUrl\"  \/><\/div><\/div><\/div><\/div>\n<style type=\"text\/css\" data-created_by=\"avia_inline_auto\" id=\"style-css-av-36prf-e9e61ef4ec4c0e79d4a337ba2f62e01e\">\n.flex_column.av-36prf-e9e61ef4ec4c0e79d4a337ba2f62e01e{\nborder-radius:0px 0px 0px 0px;\npadding:0px 0px 0px 0px;\n}\n<\/style>\n<div  class='flex_column av-36prf-e9e61ef4ec4c0e79d4a337ba2f62e01e av_one_half  avia-builder-el-23  el_after_av_one_half  el_before_av_one_half  first flex_column_div av-zero-column-padding  column-top-margin'     ><section  class='av_textblock_section av-2gxlj-f96f36a43f2ec06d68af2c5ffa7e7007 '   itemscope=\"itemscope\" itemtype=\"https:\/\/schema.org\/CreativeWork\" ><div class='avia_textblock'  itemprop=\"text\" ><h3>Vestibulum in odio dapibus<\/h3>\n<p>Lorem ipsum dolor sit amet, consectetur adipiscing elit. Vestibulum in odio dapibus, lobortis erat at, auctor lorem. Suspendisse finibus non elementum felis faucibus. Mauris magna, porttitor et semper id, semper at mi.<\/p>\n<p>Lorem ipsum dolor sit amet, consectetur adipiscing elit. Ut in quam at nulla vulputate rutrum. In imperdiet nisi a turpis lobortis, a placerat massa imperdiet. Ut tristique nibh metus, et tincidunt massa tincidunt maximus. Sed sed lobortis ex. Quisque non hendrerit leo.<\/p>\n<p>Vivamus et diam consectetur, scelerisque enim in, feugiat dui. Sed vitae nisi mollis, iaculis felis at, ullamcorper erat. Morbi rutrum gravida purus non bibendum. In congue vitae felis non hendrerit.<\/p>\n<\/div><\/section><\/div>\n<style type=\"text\/css\" data-created_by=\"avia_inline_auto\" id=\"style-css-av-1gnvz-57f5f424ed1cf218cf814c90be181dcf\">\n.flex_column.av-1gnvz-57f5f424ed1cf218cf814c90be181dcf{\nborder-radius:0px 0px 0px 0px;\npadding:0px 0px 0px 0px;\n}\n<\/style>\n<div  class='flex_column av-1gnvz-57f5f424ed1cf218cf814c90be181dcf av_one_half  avia-builder-el-25  el_after_av_one_half  avia-builder-el-last  flex_column_div av-zero-column-padding  column-top-margin'     ><section  class='av_textblock_section av-2gxlj-f96f36a43f2ec06d68af2c5ffa7e7007 '   itemscope=\"itemscope\" itemtype=\"https:\/\/schema.org\/CreativeWork\" ><div class='avia_textblock'  itemprop=\"text\" ><h3>Suspendisse<\/h3>\n<p>Lorem ipsum dolor sit amet, consectetur adipiscing elit. Vestibulum in odio dapibus, lobortis erat at, auctor lorem. Suspendisse finibus non elementum felis faucibus. Mauris magna, porttitor et semper id, semper at mi.<\/p>\n<p>Lorem ipsum dolor sit amet, consectetur adipiscing elit. Vestibulum in odio dapibus, lobortis erat at, auctor lorem.<\/p>\n<\/div><\/section><\/div>\n\n","protected":false},"excerpt":{"rendered":"","protected":false},"author":1,"featured_media":0,"parent":0,"menu_order":0,"comment_status":"closed","ping_status":"closed","template":"","meta":{"_acf_changed":false,"footnotes":""},"class_list":["post-4330","page","type-page","status-publish","hentry"],"acf":[],"yoast_head":"<!-- This site is optimized with the Yoast SEO plugin v27.4 - https:\/\/yoast.com\/product\/yoast-seo-wordpress\/ -->\n<title>Blog - Hornb\u00e6khus<\/title>\n<meta name=\"description\" content=\"Read more about the activities at Hotel Hornb\u00e6khus.\" \/>\n<meta name=\"robots\" content=\"index, follow, max-snippet:-1, max-image-preview:large, max-video-preview:-1\" \/>\n<link rel=\"canonical\" href=\"https:\/\/www.hornbaekhus.com\/en\/blog\/\" \/>\n<meta property=\"og:locale\" content=\"en_US\" \/>\n<meta property=\"og:type\" content=\"article\" \/>\n<meta property=\"og:title\" content=\"Blog - Hornb\u00e6khus\" \/>\n<meta property=\"og:description\" content=\"Read more about the activities at Hotel Hornb\u00e6khus.\" \/>\n<meta property=\"og:url\" content=\"https:\/\/www.hornbaekhus.com\/en\/blog\/\" \/>\n<meta property=\"og:site_name\" content=\"Hornb\u00e6khus\" \/>\n<meta property=\"article:publisher\" content=\"https:\/\/www.facebook.com\/HotelHornbaekhus\/\" \/>\n<meta property=\"article:modified_time\" content=\"2019-01-07T08:26:07+00:00\" \/>\n<meta name=\"twitter:card\" content=\"summary_large_image\" \/>\n<meta name=\"twitter:label1\" content=\"Est. reading time\" \/>\n\t<meta name=\"twitter:data1\" content=\"10 minutes\" \/>\n<script type=\"application\/ld+json\" class=\"yoast-schema-graph\">{\"@context\":\"https:\\\/\\\/schema.org\",\"@graph\":[{\"@type\":\"WebPage\",\"@id\":\"https:\\\/\\\/www.hornbaekhus.com\\\/en\\\/blog\\\/\",\"url\":\"https:\\\/\\\/www.hornbaekhus.com\\\/en\\\/blog\\\/\",\"name\":\"Blog - Hornb\u00e6khus\",\"isPartOf\":{\"@id\":\"https:\\\/\\\/www.hornbaekhus.com\\\/#website\"},\"datePublished\":\"2018-04-30T11:39:38+00:00\",\"dateModified\":\"2019-01-07T08:26:07+00:00\",\"description\":\"Read more about the activities at Hotel Hornb\u00e6khus.\",\"breadcrumb\":{\"@id\":\"https:\\\/\\\/www.hornbaekhus.com\\\/en\\\/blog\\\/#breadcrumb\"},\"inLanguage\":\"en-US\",\"potentialAction\":[{\"@type\":\"ReadAction\",\"target\":[\"https:\\\/\\\/www.hornbaekhus.com\\\/en\\\/blog\\\/\"]}]},{\"@type\":\"BreadcrumbList\",\"@id\":\"https:\\\/\\\/www.hornbaekhus.com\\\/en\\\/blog\\\/#breadcrumb\",\"itemListElement\":[{\"@type\":\"ListItem\",\"position\":1,\"name\":\"Hjem\",\"item\":\"https:\\\/\\\/www.hornbaekhus.com\\\/en\\\/\"},{\"@type\":\"ListItem\",\"position\":2,\"name\":\"Blog\"}]},{\"@type\":\"WebSite\",\"@id\":\"https:\\\/\\\/www.hornbaekhus.com\\\/#website\",\"url\":\"https:\\\/\\\/www.hornbaekhus.com\\\/\",\"name\":\"Hornb\u00e6khus\",\"description\":\"\",\"publisher\":{\"@id\":\"https:\\\/\\\/www.hornbaekhus.com\\\/#organization\"},\"potentialAction\":[{\"@type\":\"SearchAction\",\"target\":{\"@type\":\"EntryPoint\",\"urlTemplate\":\"https:\\\/\\\/www.hornbaekhus.com\\\/?s={search_term_string}\"},\"query-input\":{\"@type\":\"PropertyValueSpecification\",\"valueRequired\":true,\"valueName\":\"search_term_string\"}}],\"inLanguage\":\"en-US\"},{\"@type\":\"Organization\",\"@id\":\"https:\\\/\\\/www.hornbaekhus.com\\\/#organization\",\"name\":\"Hotel Hornb\u00e6khus\",\"url\":\"https:\\\/\\\/www.hornbaekhus.com\\\/\",\"logo\":{\"@type\":\"ImageObject\",\"inLanguage\":\"en-US\",\"@id\":\"https:\\\/\\\/www.hornbaekhus.com\\\/#\\\/schema\\\/logo\\\/image\\\/\",\"url\":\"https:\\\/\\\/www.hornbaekhus.com\\\/wp-content\\\/uploads\\\/2018\\\/08\\\/MAIN-ny_Logo_HornB_Hotel_RED.png\",\"contentUrl\":\"https:\\\/\\\/www.hornbaekhus.com\\\/wp-content\\\/uploads\\\/2018\\\/08\\\/MAIN-ny_Logo_HornB_Hotel_RED.png\",\"width\":2603,\"height\":433,\"caption\":\"Hotel Hornb\u00e6khus\"},\"image\":{\"@id\":\"https:\\\/\\\/www.hornbaekhus.com\\\/#\\\/schema\\\/logo\\\/image\\\/\"},\"sameAs\":[\"https:\\\/\\\/www.facebook.com\\\/HotelHornbaekhus\\\/\",\"https:\\\/\\\/www.instagram.com\\\/hornbaekhus\\\/\"]}]}<\/script>\n<!-- \/ Yoast SEO plugin. -->","yoast_head_json":{"title":"Blog - Hornb\u00e6khus","description":"Read more about the activities at Hotel Hornb\u00e6khus.","robots":{"index":"index","follow":"follow","max-snippet":"max-snippet:-1","max-image-preview":"max-image-preview:large","max-video-preview":"max-video-preview:-1"},"canonical":"https:\/\/www.hornbaekhus.com\/en\/blog\/","og_locale":"en_US","og_type":"article","og_title":"Blog - Hornb\u00e6khus","og_description":"Read more about the activities at Hotel Hornb\u00e6khus.","og_url":"https:\/\/www.hornbaekhus.com\/en\/blog\/","og_site_name":"Hornb\u00e6khus","article_publisher":"https:\/\/www.facebook.com\/HotelHornbaekhus\/","article_modified_time":"2019-01-07T08:26:07+00:00","twitter_card":"summary_large_image","twitter_misc":{"Est. reading time":"10 minutes"},"schema":{"@context":"https:\/\/schema.org","@graph":[{"@type":"WebPage","@id":"https:\/\/www.hornbaekhus.com\/en\/blog\/","url":"https:\/\/www.hornbaekhus.com\/en\/blog\/","name":"Blog - Hornb\u00e6khus","isPartOf":{"@id":"https:\/\/www.hornbaekhus.com\/#website"},"datePublished":"2018-04-30T11:39:38+00:00","dateModified":"2019-01-07T08:26:07+00:00","description":"Read more about the activities at Hotel Hornb\u00e6khus.","breadcrumb":{"@id":"https:\/\/www.hornbaekhus.com\/en\/blog\/#breadcrumb"},"inLanguage":"en-US","potentialAction":[{"@type":"ReadAction","target":["https:\/\/www.hornbaekhus.com\/en\/blog\/"]}]},{"@type":"BreadcrumbList","@id":"https:\/\/www.hornbaekhus.com\/en\/blog\/#breadcrumb","itemListElement":[{"@type":"ListItem","position":1,"name":"Hjem","item":"https:\/\/www.hornbaekhus.com\/en\/"},{"@type":"ListItem","position":2,"name":"Blog"}]},{"@type":"WebSite","@id":"https:\/\/www.hornbaekhus.com\/#website","url":"https:\/\/www.hornbaekhus.com\/","name":"Hornb\u00e6khus","description":"","publisher":{"@id":"https:\/\/www.hornbaekhus.com\/#organization"},"potentialAction":[{"@type":"SearchAction","target":{"@type":"EntryPoint","urlTemplate":"https:\/\/www.hornbaekhus.com\/?s={search_term_string}"},"query-input":{"@type":"PropertyValueSpecification","valueRequired":true,"valueName":"search_term_string"}}],"inLanguage":"en-US"},{"@type":"Organization","@id":"https:\/\/www.hornbaekhus.com\/#organization","name":"Hotel Hornb\u00e6khus","url":"https:\/\/www.hornbaekhus.com\/","logo":{"@type":"ImageObject","inLanguage":"en-US","@id":"https:\/\/www.hornbaekhus.com\/#\/schema\/logo\/image\/","url":"https:\/\/www.hornbaekhus.com\/wp-content\/uploads\/2018\/08\/MAIN-ny_Logo_HornB_Hotel_RED.png","contentUrl":"https:\/\/www.hornbaekhus.com\/wp-content\/uploads\/2018\/08\/MAIN-ny_Logo_HornB_Hotel_RED.png","width":2603,"height":433,"caption":"Hotel Hornb\u00e6khus"},"image":{"@id":"https:\/\/www.hornbaekhus.com\/#\/schema\/logo\/image\/"},"sameAs":["https:\/\/www.facebook.com\/HotelHornbaekhus\/","https:\/\/www.instagram.com\/hornbaekhus\/"]}]}},"_links":{"self":[{"href":"https:\/\/www.hornbaekhus.com\/en\/wp-json\/wp\/v2\/pages\/4330","targetHints":{"allow":["GET"]}}],"collection":[{"href":"https:\/\/www.hornbaekhus.com\/en\/wp-json\/wp\/v2\/pages"}],"about":[{"href":"https:\/\/www.hornbaekhus.com\/en\/wp-json\/wp\/v2\/types\/page"}],"author":[{"embeddable":true,"href":"https:\/\/www.hornbaekhus.com\/en\/wp-json\/wp\/v2\/users\/1"}],"replies":[{"embeddable":true,"href":"https:\/\/www.hornbaekhus.com\/en\/wp-json\/wp\/v2\/comments?post=4330"}],"version-history":[{"count":3,"href":"https:\/\/www.hornbaekhus.com\/en\/wp-json\/wp\/v2\/pages\/4330\/revisions"}],"predecessor-version":[{"id":17813,"href":"https:\/\/www.hornbaekhus.com\/en\/wp-json\/wp\/v2\/pages\/4330\/revisions\/17813"}],"wp:attachment":[{"href":"https:\/\/www.hornbaekhus.com\/en\/wp-json\/wp\/v2\/media?parent=4330"}],"curies":[{"name":"wp","href":"https:\/\/api.w.org\/{rel}","templated":true}]}}